{"id":1043,"date":"2021-04-24T20:02:29","date_gmt":"2021-04-24T20:02:29","guid":{"rendered":"https:\/\/merkezdent.com\/our-services\/zirconium-crowns\/"},"modified":"2023-02-25T22:55:20","modified_gmt":"2023-02-25T22:55:20","slug":"zirconium-crowns","status":"publish","type":"page","link":"https:\/\/www.merkezdent.com\/en\/our-services\/zirconium-crowns\/","title":{"rendered":"Zirconium Crowns"},"content":{"rendered":"\t\t<div data-elementor-type=\"wp-page\" data-elementor-id=\"1043\" class=\"elementor elementor-1043 elementor-714\">\n\t\t\t\t\t\t<section class=\"elementor-section elementor-top-section elementor-element elementor-element-6320d7c9 elementor-section-stretched elementor-section-boxed elementor-section-height-default elementor-section-height-default elementor-invisible\" data-id=\"6320d7c9\" data-element_type=\"section\" data-e-type=\"section\" data-settings=\"{&quot;stretch_section&quot;:&quot;section-stretched&quot;,&quot;background_background&quot;:&quot;classic&quot;,&quot;shape_divider_bottom&quot;:&quot;waves&quot;,&quot;shape_divider_bottom_negative&quot;:&quot;yes&quot;,&quot;animation&quot;:&quot;fadeInUp&quot;}\">\n\t\t\t\t\t\t\t<div class=\"elementor-background-overlay\"><\/div>\n\t\t\t\t\t\t<div class=\"elementor-shape elementor-shape-bottom\" aria-hidden=\"true\" data-negative=\"true\">\n\t\t\t<svg xmlns=\"http:\/\/www.w3.org\/2000\/svg\" viewBox=\"0 0 1000 100\" preserveAspectRatio=\"none\">\n\t<path class=\"elementor-shape-fill\" d=\"M790.5,93.1c-59.3-5.3-116.8-18-192.6-50c-29.6-12.7-76.9-31-100.5-35.9c-23.6-4.9-52.6-7.8-75.5-5.3\n\tc-10.2,1.1-22.6,1.4-50.1,7.4c-27.2,6.3-58.2,16.6-79.4,24.7c-41.3,15.9-94.9,21.9-134,22.6C72,58.2,0,25.8,0,25.8V100h1000V65.3\n\tc0,0-51.5,19.4-106.2,25.7C839.5,97,814.1,95.2,790.5,93.1z\"\/>\n<\/svg>\t\t<\/div>\n\t\t\t\t\t<div class=\"elementor-container elementor-column-gap-default\">\n\t\t\t\t\t<div class=\"elementor-column elementor-col-100 elementor-top-column elementor-element elementor-element-286e7255\" data-id=\"286e7255\" data-element_type=\"column\" data-e-type=\"column\">\n\t\t\t<div class=\"elementor-widget-wrap elementor-element-populated\">\n\t\t\t\t\t\t<div class=\"elementor-element elementor-element-30472943 elementor-widget elementor-widget-heading\" data-id=\"30472943\" data-element_type=\"widget\" data-e-type=\"widget\" data-widget_type=\"heading.default\">\n\t\t\t\t<div class=\"elementor-widget-container\">\n\t\t\t\t\t<h2 class=\"elementor-heading-title elementor-size-default\">Zirconium Crowns<\/h2>\t\t\t\t<\/div>\n\t\t\t\t<\/div>\n\t\t\t\t<div class=\"elementor-element elementor-element-37bd454 elementor-widget__width-auto elementor-widget elementor-widget-heading\" data-id=\"37bd454\" data-element_type=\"widget\" data-e-type=\"widget\" data-widget_type=\"heading.default\">\n\t\t\t\t<div class=\"elementor-widget-container\">\n\t\t\t\t\t<h2 class=\"elementor-heading-title elementor-size-default\"><a href=\"https:\/\/muchbetter.us\/merkezdis\/ana-sayfa\/\">Home \/ <\/a><\/h2>\t\t\t\t<\/div>\n\t\t\t\t<\/div>\n\t\t\t\t<div class=\"elementor-element elementor-element-257b7161 elementor-widget__width-auto elementor-widget elementor-widget-heading\" data-id=\"257b7161\" data-element_type=\"widget\" data-e-type=\"widget\" data-widget_type=\"heading.default\">\n\t\t\t\t<div class=\"elementor-widget-container\">\n\t\t\t\t\t<h2 class=\"elementor-heading-title elementor-size-default\"><a href=\"https:\/\/www.merkezdent.com\/en\/our-services\/\">Our Services\u200b \/<\/a><\/h2>\t\t\t\t<\/div>\n\t\t\t\t<\/div>\n\t\t\t\t<div class=\"elementor-element elementor-element-ef2412d elementor-widget__width-auto elementor-widget elementor-widget-heading\" data-id=\"ef2412d\" data-element_type=\"widget\" data-e-type=\"widget\" data-widget_type=\"heading.default\">\n\t\t\t\t<div class=\"elementor-widget-container\">\n\t\t\t\t\t<h2 class=\"elementor-heading-title elementor-size-default\"><a href=\"#\">Zirconium Crowns<\/a><\/h2>\t\t\t\t<\/div>\n\t\t\t\t<\/div>\n\t\t\t\t\t<\/div>\n\t\t<\/div>\n\t\t\t\t\t<\/div>\n\t\t<\/section>\n\t\t\t\t<section class=\"elementor-section elementor-top-section elementor-element elementor-element-6018cc41 elementor-section-boxed elementor-section-height-default elementor-section-height-default\" data-id=\"6018cc41\" data-element_type=\"section\" data-e-type=\"section\" data-settings=\"{&quot;background_background&quot;:&quot;classic&quot;}\">\n\t\t\t\t\t\t<div class=\"elementor-container elementor-column-gap-default\">\n\t\t\t\t\t<div class=\"elementor-column elementor-col-100 elementor-top-column elementor-element elementor-element-35b757aa\" data-id=\"35b757aa\" data-element_type=\"column\" data-e-type=\"column\">\n\t\t\t<div class=\"elementor-widget-wrap elementor-element-populated\">\n\t\t\t\t\t\t<section class=\"elementor-section elementor-inner-section elementor-element elementor-element-1f78e7a8 elementor-section-boxed elementor-section-height-default elementor-section-height-default\" data-id=\"1f78e7a8\" data-element_type=\"section\" data-e-type=\"section\">\n\t\t\t\t\t\t<div class=\"elementor-container elementor-column-gap-default\">\n\t\t\t\t\t<div class=\"elementor-column elementor-col-100 elementor-inner-column elementor-element elementor-element-15fb6926\" data-id=\"15fb6926\" data-element_type=\"column\" data-e-type=\"column\">\n\t\t\t<div class=\"elementor-widget-wrap elementor-element-populated\">\n\t\t\t\t\t\t<div class=\"elementor-element elementor-element-4b04ecbe elementor-widget elementor-widget-heading\" data-id=\"4b04ecbe\" data-element_type=\"widget\" data-e-type=\"widget\" data-widget_type=\"heading.default\">\n\t\t\t\t<div class=\"elementor-widget-container\">\n\t\t\t\t\t<h2 class=\"elementor-heading-title elementor-size-default\">Zirconium Crowns<\/h2>\t\t\t\t<\/div>\n\t\t\t\t<\/div>\n\t\t\t\t<div class=\"elementor-element elementor-element-274dda9b elementor-widget-divider--view-line_icon elementor-view-default elementor-widget-divider--element-align-center elementor-widget elementor-widget-divider\" data-id=\"274dda9b\" data-element_type=\"widget\" data-e-type=\"widget\" data-widget_type=\"divider.default\">\n\t\t\t\t<div class=\"elementor-widget-container\">\n\t\t\t\t\t\t\t<div class=\"elementor-divider\">\n\t\t\t<span class=\"elementor-divider-separator\">\n\t\t\t\t\t\t\t<div class=\"elementor-icon elementor-divider__element\">\n\t\t\t\t\t<i aria-hidden=\"true\" class=\"icon icon-heart\"><\/i><\/div>\n\t\t\t\t\t\t<\/span>\n\t\t<\/div>\n\t\t\t\t\t\t<\/div>\n\t\t\t\t<\/div>\n\t\t\t\t<div class=\"elementor-element elementor-element-c21110c elementor-widget elementor-widget-text-editor\" data-id=\"c21110c\" data-element_type=\"widget\" data-e-type=\"widget\" data-widget_type=\"text-editor.default\">\n\t\t\t\t<div class=\"elementor-widget-container\">\n\t\t\t\t\t\t\t\t\t<p>Zirconium veneers are known to be more biocompatible, aesthetic and durable than other veneer materials. The black appearance that metal crowns create on the gingival surface over time does not appear with zirconium crowns.<\/p>\n\t\t\t\t\t\t\t\t<\/div>\n\t\t\t\t<\/div>\n\t\t\t\t\t<\/div>\n\t\t<\/div>\n\t\t\t\t\t<\/div>\n\t\t<\/section>\n\t\t\t\t\t<\/div>\n\t\t<\/div>\n\t\t\t\t\t<\/div>\n\t\t<\/section>\n\t\t\t\t<section class=\"elementor-section elementor-top-section elementor-element elementor-element-1859569e elementor-section-content-middle elementor-section-boxed elementor-section-height-default elementor-section-height-default elementor-invisible\" data-id=\"1859569e\" data-element_type=\"section\" data-e-type=\"section\" data-settings=\"{&quot;background_background&quot;:&quot;classic&quot;,&quot;animation&quot;:&quot;fadeInUp&quot;}\">\n\t\t\t\t\t\t<div class=\"elementor-container elementor-column-gap-default\">\n\t\t\t\t\t<div class=\"elementor-column elementor-col-50 elementor-top-column elementor-element elementor-element-6df8c6a8\" data-id=\"6df8c6a8\" data-element_type=\"column\" data-e-type=\"column\">\n\t\t\t<div class=\"elementor-widget-wrap elementor-element-populated\">\n\t\t\t\t\t\t<div class=\"elementor-element elementor-element-1616275c elementor-widget elementor-widget-heading\" data-id=\"1616275c\" data-element_type=\"widget\" data-e-type=\"widget\" data-widget_type=\"heading.default\">\n\t\t\t\t<div class=\"elementor-widget-container\">\n\t\t\t\t\t<h2 class=\"elementor-heading-title elementor-size-default\">You can get in contact with us.<\/h2>\t\t\t\t<\/div>\n\t\t\t\t<\/div>\n\t\t\t\t\t<\/div>\n\t\t<\/div>\n\t\t\t\t<div class=\"elementor-column elementor-col-50 elementor-top-column elementor-element elementor-element-478cf473\" data-id=\"478cf473\" data-element_type=\"column\" data-e-type=\"column\">\n\t\t\t<div class=\"elementor-widget-wrap elementor-element-populated\">\n\t\t\t\t\t\t<div class=\"elementor-element elementor-element-50ca8264 elementor-align-right elementor-mobile-align-left elementor-widget elementor-widget-button\" data-id=\"50ca8264\" data-element_type=\"widget\" data-e-type=\"widget\" data-widget_type=\"button.default\">\n\t\t\t\t<div class=\"elementor-widget-container\">\n\t\t\t\t\t\t\t\t\t<div class=\"elementor-button-wrapper\">\n\t\t\t\t\t<a class=\"elementor-button elementor-button-link elementor-size-md\" href=\"tel:+90553%20934%2075%2050\">\n\t\t\t\t\t\t<span class=\"elementor-button-content-wrapper\">\n\t\t\t\t\t\t\t\t\t<span class=\"elementor-button-text\">Call Now!<\/span>\n\t\t\t\t\t<\/span>\n\t\t\t\t\t<\/a>\n\t\t\t\t<\/div>\n\t\t\t\t\t\t\t\t<\/div>\n\t\t\t\t<\/div>\n\t\t\t\t\t<\/div>\n\t\t<\/div>\n\t\t\t\t\t<\/div>\n\t\t<\/section>\n\t\t\t\t<\/div>\n\t\t","protected":false},"excerpt":{"rendered":"<p>Zirconium Crowns Home \/ Our Services\u200b \/ Zirconium Crowns Zirconium Crowns Zirconium veneers are known to be more biocompatible, aesthetic and durable than other veneer materials. The black appearance that metal crowns create on the gingival surface over time does not appear with zirconium crowns. You can get in contact with us. Call Now!<\/p>\n","protected":false},"author":3,"featured_media":0,"parent":1027,"menu_order":0,"comment_status":"closed","ping_status":"closed","template":"elementor_header_footer","meta":{"footnotes":""},"class_list":["post-1043","page","type-page","status-publish","hentry"],"yoast_head":"<!-- This site is optimized with the Yoast SEO plugin v27.5 - https:\/\/yoast.com\/product\/yoast-seo-wordpress\/ -->\n<title>Zirconium Crowns | Merkez Di\u015f A\u011f\u0131z ve Di\u015f Sa\u011fl\u0131\u011f\u0131 Poliklini\u011fi<\/title>\n<meta name=\"robots\" content=\"index, follow, max-snippet:-1, max-image-preview:large, max-video-preview:-1\" \/>\n<link rel=\"canonical\" href=\"https:\/\/www.merkezdent.com\/en\/our-services\/zirconium-crowns\/\" \/>\n<meta property=\"og:locale\" content=\"en_US\" \/>\n<meta property=\"og:type\" content=\"article\" \/>\n<meta property=\"og:title\" content=\"Zirconium Crowns | Merkez Di\u015f A\u011f\u0131z ve Di\u015f Sa\u011fl\u0131\u011f\u0131 Poliklini\u011fi\" \/>\n<meta property=\"og:description\" content=\"Zirconium Crowns Home \/ Our Services\u200b \/ Zirconium Crowns Zirconium Crowns Zirconium veneers are known to be more biocompatible, aesthetic and durable than other veneer materials. The black appearance that metal crowns create on the gingival surface over time does not appear with zirconium crowns. You can get in contact with us. Call Now!\" \/>\n<meta property=\"og:url\" content=\"https:\/\/www.merkezdent.com\/en\/our-services\/zirconium-crowns\/\" \/>\n<meta property=\"og:site_name\" content=\"Merkez Di\u015f A\u011f\u0131z ve Di\u015f Sa\u011fl\u0131\u011f\u0131 Poliklini\u011fi\" \/>\n<meta property=\"article:publisher\" content=\"https:\/\/www.facebook.com\/105396701691783\/posts\/105410135023773\" \/>\n<meta property=\"article:modified_time\" content=\"2023-02-25T22:55:20+00:00\" \/>\n<meta property=\"og:image\" content=\"https:\/\/www.merkezdent.com\/wp-content\/uploads\/2021\/04\/merkez-dis-logo-web.png\" \/>\n\t<meta property=\"og:image:width\" content=\"181\" \/>\n\t<meta property=\"og:image:height\" content=\"100\" \/>\n\t<meta property=\"og:image:type\" content=\"image\/png\" \/>\n<meta name=\"twitter:card\" content=\"summary_large_image\" \/>\n<script type=\"application\/ld+json\" class=\"yoast-schema-graph\">{\"@context\":\"https:\\\/\\\/schema.org\",\"@graph\":[{\"@type\":\"WebPage\",\"@id\":\"https:\\\/\\\/www.merkezdent.com\\\/en\\\/our-services\\\/zirconium-crowns\\\/\",\"url\":\"https:\\\/\\\/www.merkezdent.com\\\/en\\\/our-services\\\/zirconium-crowns\\\/\",\"name\":\"Zirconium Crowns | Merkez Di\u015f A\u011f\u0131z ve Di\u015f Sa\u011fl\u0131\u011f\u0131 Poliklini\u011fi\",\"isPartOf\":{\"@id\":\"https:\\\/\\\/www.merkezdent.com\\\/en\\\/#website\"},\"datePublished\":\"2021-04-24T20:02:29+00:00\",\"dateModified\":\"2023-02-25T22:55:20+00:00\",\"breadcrumb\":{\"@id\":\"https:\\\/\\\/www.merkezdent.com\\\/en\\\/our-services\\\/zirconium-crowns\\\/#breadcrumb\"},\"inLanguage\":\"en-US\",\"potentialAction\":[{\"@type\":\"ReadAction\",\"target\":[\"https:\\\/\\\/www.merkezdent.com\\\/en\\\/our-services\\\/zirconium-crowns\\\/\"]}]},{\"@type\":\"BreadcrumbList\",\"@id\":\"https:\\\/\\\/www.merkezdent.com\\\/en\\\/our-services\\\/zirconium-crowns\\\/#breadcrumb\",\"itemListElement\":[{\"@type\":\"ListItem\",\"position\":1,\"name\":\"Anasayfa\",\"item\":\"https:\\\/\\\/www.merkezdent.com\\\/en\\\/\"},{\"@type\":\"ListItem\",\"position\":2,\"name\":\"Our Services\",\"item\":\"https:\\\/\\\/www.merkezdent.com\\\/en\\\/our-services\\\/\"},{\"@type\":\"ListItem\",\"position\":3,\"name\":\"Zirconium Crowns\"}]},{\"@type\":\"WebSite\",\"@id\":\"https:\\\/\\\/www.merkezdent.com\\\/en\\\/#website\",\"url\":\"https:\\\/\\\/www.merkezdent.com\\\/en\\\/\",\"name\":\"Merkez Di\u015f A\u011f\u0131z ve Di\u015f Sa\u011fl\u0131\u011f\u0131 Poliklini\u011fi\",\"description\":\"Sancaktepe Di\u015f Hastenesi\",\"publisher\":{\"@id\":\"https:\\\/\\\/www.merkezdent.com\\\/en\\\/#organization\"},\"potentialAction\":[{\"@type\":\"SearchAction\",\"target\":{\"@type\":\"EntryPoint\",\"urlTemplate\":\"https:\\\/\\\/www.merkezdent.com\\\/en\\\/?s={search_term_string}\"},\"query-input\":{\"@type\":\"PropertyValueSpecification\",\"valueRequired\":true,\"valueName\":\"search_term_string\"}}],\"inLanguage\":\"en-US\"},{\"@type\":\"Organization\",\"@id\":\"https:\\\/\\\/www.merkezdent.com\\\/en\\\/#organization\",\"name\":\"Merkez Di\u015f A\u011f\u0131z ve Di\u015f Sa\u011fl\u0131\u011f\u0131 Poliklini\u011fi\",\"url\":\"https:\\\/\\\/www.merkezdent.com\\\/en\\\/\",\"logo\":{\"@type\":\"ImageObject\",\"inLanguage\":\"en-US\",\"@id\":\"https:\\\/\\\/www.merkezdent.com\\\/en\\\/#\\\/schema\\\/logo\\\/image\\\/\",\"url\":\"https:\\\/\\\/www.merkezdent.com\\\/wp-content\\\/uploads\\\/2021\\\/04\\\/merkez-dis-logo-web.png\",\"contentUrl\":\"https:\\\/\\\/www.merkezdent.com\\\/wp-content\\\/uploads\\\/2021\\\/04\\\/merkez-dis-logo-web.png\",\"width\":181,\"height\":100,\"caption\":\"Merkez Di\u015f A\u011f\u0131z ve Di\u015f Sa\u011fl\u0131\u011f\u0131 Poliklini\u011fi\"},\"image\":{\"@id\":\"https:\\\/\\\/www.merkezdent.com\\\/en\\\/#\\\/schema\\\/logo\\\/image\\\/\"},\"sameAs\":[\"https:\\\/\\\/www.facebook.com\\\/105396701691783\\\/posts\\\/105410135023773\",\"https:\\\/\\\/www.instagram.com\\\/ozelmerkezdis\"]}]}<\/script>\n<!-- \/ Yoast SEO plugin. -->","yoast_head_json":{"title":"Zirconium Crowns | Merkez Di\u015f A\u011f\u0131z ve Di\u015f Sa\u011fl\u0131\u011f\u0131 Poliklini\u011fi","robots":{"index":"index","follow":"follow","max-snippet":"max-snippet:-1","max-image-preview":"max-image-preview:large","max-video-preview":"max-video-preview:-1"},"canonical":"https:\/\/www.merkezdent.com\/en\/our-services\/zirconium-crowns\/","og_locale":"en_US","og_type":"article","og_title":"Zirconium Crowns | Merkez Di\u015f A\u011f\u0131z ve Di\u015f Sa\u011fl\u0131\u011f\u0131 Poliklini\u011fi","og_description":"Zirconium Crowns Home \/ Our Services\u200b \/ Zirconium Crowns Zirconium Crowns Zirconium veneers are known to be more biocompatible, aesthetic and durable than other veneer materials. The black appearance that metal crowns create on the gingival surface over time does not appear with zirconium crowns. You can get in contact with us. Call Now!","og_url":"https:\/\/www.merkezdent.com\/en\/our-services\/zirconium-crowns\/","og_site_name":"Merkez Di\u015f A\u011f\u0131z ve Di\u015f Sa\u011fl\u0131\u011f\u0131 Poliklini\u011fi","article_publisher":"https:\/\/www.facebook.com\/105396701691783\/posts\/105410135023773","article_modified_time":"2023-02-25T22:55:20+00:00","og_image":[{"width":181,"height":100,"url":"https:\/\/www.merkezdent.com\/wp-content\/uploads\/2021\/04\/merkez-dis-logo-web.png","type":"image\/png"}],"twitter_card":"summary_large_image","schema":{"@context":"https:\/\/schema.org","@graph":[{"@type":"WebPage","@id":"https:\/\/www.merkezdent.com\/en\/our-services\/zirconium-crowns\/","url":"https:\/\/www.merkezdent.com\/en\/our-services\/zirconium-crowns\/","name":"Zirconium Crowns | Merkez Di\u015f A\u011f\u0131z ve Di\u015f Sa\u011fl\u0131\u011f\u0131 Poliklini\u011fi","isPartOf":{"@id":"https:\/\/www.merkezdent.com\/en\/#website"},"datePublished":"2021-04-24T20:02:29+00:00","dateModified":"2023-02-25T22:55:20+00:00","breadcrumb":{"@id":"https:\/\/www.merkezdent.com\/en\/our-services\/zirconium-crowns\/#breadcrumb"},"inLanguage":"en-US","potentialAction":[{"@type":"ReadAction","target":["https:\/\/www.merkezdent.com\/en\/our-services\/zirconium-crowns\/"]}]},{"@type":"BreadcrumbList","@id":"https:\/\/www.merkezdent.com\/en\/our-services\/zirconium-crowns\/#breadcrumb","itemListElement":[{"@type":"ListItem","position":1,"name":"Anasayfa","item":"https:\/\/www.merkezdent.com\/en\/"},{"@type":"ListItem","position":2,"name":"Our Services","item":"https:\/\/www.merkezdent.com\/en\/our-services\/"},{"@type":"ListItem","position":3,"name":"Zirconium Crowns"}]},{"@type":"WebSite","@id":"https:\/\/www.merkezdent.com\/en\/#website","url":"https:\/\/www.merkezdent.com\/en\/","name":"Merkez Di\u015f A\u011f\u0131z ve Di\u015f Sa\u011fl\u0131\u011f\u0131 Poliklini\u011fi","description":"Sancaktepe Di\u015f Hastenesi","publisher":{"@id":"https:\/\/www.merkezdent.com\/en\/#organization"},"potentialAction":[{"@type":"SearchAction","target":{"@type":"EntryPoint","urlTemplate":"https:\/\/www.merkezdent.com\/en\/?s={search_term_string}"},"query-input":{"@type":"PropertyValueSpecification","valueRequired":true,"valueName":"search_term_string"}}],"inLanguage":"en-US"},{"@type":"Organization","@id":"https:\/\/www.merkezdent.com\/en\/#organization","name":"Merkez Di\u015f A\u011f\u0131z ve Di\u015f Sa\u011fl\u0131\u011f\u0131 Poliklini\u011fi","url":"https:\/\/www.merkezdent.com\/en\/","logo":{"@type":"ImageObject","inLanguage":"en-US","@id":"https:\/\/www.merkezdent.com\/en\/#\/schema\/logo\/image\/","url":"https:\/\/www.merkezdent.com\/wp-content\/uploads\/2021\/04\/merkez-dis-logo-web.png","contentUrl":"https:\/\/www.merkezdent.com\/wp-content\/uploads\/2021\/04\/merkez-dis-logo-web.png","width":181,"height":100,"caption":"Merkez Di\u015f A\u011f\u0131z ve Di\u015f Sa\u011fl\u0131\u011f\u0131 Poliklini\u011fi"},"image":{"@id":"https:\/\/www.merkezdent.com\/en\/#\/schema\/logo\/image\/"},"sameAs":["https:\/\/www.facebook.com\/105396701691783\/posts\/105410135023773","https:\/\/www.instagram.com\/ozelmerkezdis"]}]}},"_links":{"self":[{"href":"https:\/\/www.merkezdent.com\/en\/wp-json\/wp\/v2\/pages\/1043","targetHints":{"allow":["GET"]}}],"collection":[{"href":"https:\/\/www.merkezdent.com\/en\/wp-json\/wp\/v2\/pages"}],"about":[{"href":"https:\/\/www.merkezdent.com\/en\/wp-json\/wp\/v2\/types\/page"}],"author":[{"embeddable":true,"href":"https:\/\/www.merkezdent.com\/en\/wp-json\/wp\/v2\/users\/3"}],"replies":[{"embeddable":true,"href":"https:\/\/www.merkezdent.com\/en\/wp-json\/wp\/v2\/comments?post=1043"}],"version-history":[{"count":0,"href":"https:\/\/www.merkezdent.com\/en\/wp-json\/wp\/v2\/pages\/1043\/revisions"}],"up":[{"embeddable":true,"href":"https:\/\/www.merkezdent.com\/en\/wp-json\/wp\/v2\/pages\/1027"}],"wp:attachment":[{"href":"https:\/\/www.merkezdent.com\/en\/wp-json\/wp\/v2\/media?parent=1043"}],"curies":[{"name":"wp","href":"https:\/\/api.w.org\/{rel}","templated":true}]}}